{"id":4274,"date":"2025-09-18T16:22:39","date_gmt":"2025-09-18T16:22:39","guid":{"rendered":"https:\/\/educativa21.com\/esteticaydiseno\/?page_id=4274"},"modified":"2025-09-18T16:24:32","modified_gmt":"2025-09-18T16:24:32","slug":"cosmiatria","status":"publish","type":"page","link":"https:\/\/educativa21.com\/esteticaydiseno\/cosmiatria\/","title":{"rendered":"cOSMIATRIA"},"content":{"rendered":"\t\t<div data-elementor-type=\"wp-page\" data-elementor-id=\"4274\" class=\"elementor elementor-4274\">\n\t\t\t\t\t\t<section class=\"elementor-section elementor-top-section elementor-element elementor-element-c2f591b elementor-section-full_width elementor-section-height-min-height elementor-section-items-stretch elementor-section-height-default\" data-id=\"c2f591b\" data-element_type=\"section\" data-e-type=\"section\" data-settings=\"{&quot;background_background&quot;:&quot;classic&quot;}\">\n\t\t\t\t\t\t<div class=\"elementor-container elementor-column-gap-no\">\n\t\t\t\t\t<div class=\"elementor-column elementor-col-50 elementor-top-column elementor-element elementor-element-52cfd49\" data-id=\"52cfd49\" data-element_type=\"column\" data-e-type=\"column\" data-settings=\"{&quot;background_background&quot;:&quot;classic&quot;}\">\n\t\t\t<div class=\"elementor-widget-wrap elementor-element-populated\">\n\t\t\t\t\t\t<section class=\"elementor-section elementor-inner-section elementor-element elementor-element-4ef27db elementor-section-full_width elementor-section-height-default elementor-section-height-default\" data-id=\"4ef27db\" data-element_type=\"section\" data-e-type=\"section\">\n\t\t\t\t\t\t<div class=\"elementor-container elementor-column-gap-no\">\n\t\t\t\t\t<div class=\"elementor-column elementor-col-100 elementor-inner-column elementor-element elementor-element-6b4866e\" data-id=\"6b4866e\" data-element_type=\"column\" data-e-type=\"column\">\n\t\t\t<div class=\"elementor-widget-wrap elementor-element-populated\">\n\t\t\t\t\t\t<div class=\"elementor-element elementor-element-bf17913 elementor-widget elementor-widget-spacer\" data-id=\"bf17913\" data-element_type=\"widget\" data-e-type=\"widget\" data-widget_type=\"spacer.default\">\n\t\t\t\t<div class=\"elementor-widget-container\">\n\t\t\t\t\t\t\t<div class=\"elementor-spacer\">\n\t\t\t<div class=\"elementor-spacer-inner\"><\/div>\n\t\t<\/div>\n\t\t\t\t\t\t<\/div>\n\t\t\t\t<\/div>\n\t\t\t\t<div class=\"elementor-element elementor-element-ee7fc07 elementor-widget elementor-widget-heading\" data-id=\"ee7fc07\" data-element_type=\"widget\" data-e-type=\"widget\" data-widget_type=\"heading.default\">\n\t\t\t\t<div class=\"elementor-widget-container\">\n\t\t\t\t\t<h2 class=\"elementor-heading-title elementor-size-default\">CARRERAS ONLINE Y PRESENCIALES<\/h2>\t\t\t\t<\/div>\n\t\t\t\t<\/div>\n\t\t\t\t<div class=\"elementor-element elementor-element-e165776 elementor-widget__width-initial elementor-invisible elementor-widget elementor-widget-heading\" data-id=\"e165776\" data-element_type=\"widget\" data-e-type=\"widget\" data-settings=\"{&quot;_animation&quot;:&quot;fadeIn&quot;,&quot;_animation_delay&quot;:400}\" data-widget_type=\"heading.default\">\n\t\t\t\t<div class=\"elementor-widget-container\">\n\t\t\t\t\t<h1 class=\"elementor-heading-title elementor-size-default\">COSMIATR\u00cdA<\/h1>\t\t\t\t<\/div>\n\t\t\t\t<\/div>\n\t\t\t\t<div class=\"elementor-element elementor-element-826f651 elementor-widget elementor-widget-button\" data-id=\"826f651\" data-element_type=\"widget\" data-e-type=\"widget\" data-widget_type=\"button.default\">\n\t\t\t\t<div class=\"elementor-widget-container\">\n\t\t\t\t\t\t\t\t\t<div class=\"elementor-button-wrapper\">\n\t\t\t\t\t<a class=\"elementor-button elementor-button-link elementor-size-sm\" href=\"https:\/\/drive.google.com\/file\/d\/1mmLRwZsmOvvzDwYy1Rcoe38uPRW71Boa\/view?usp=sharing\">\n\t\t\t\t\t\t<span class=\"elementor-button-content-wrapper\">\n\t\t\t\t\t\t\t\t\t<span class=\"elementor-button-text\">DESCARGAR PROGRAMA<\/span>\n\t\t\t\t\t<\/span>\n\t\t\t\t\t<\/a>\n\t\t\t\t<\/div>\n\t\t\t\t\t\t\t\t<\/div>\n\t\t\t\t<\/div>\n\t\t\t\t<div class=\"elementor-element elementor-element-b8e023b elementor-invisible elementor-widget elementor-widget-text-editor\" data-id=\"b8e023b\" data-element_type=\"widget\" data-e-type=\"widget\" data-settings=\"{&quot;_animation&quot;:&quot;fadeIn&quot;,&quot;_animation_delay&quot;:600}\" data-widget_type=\"text-editor.default\">\n\t\t\t\t<div class=\"elementor-widget-container\">\n\t\t\t\t\t\t\t\t\t<p>Este curso est\u00e1 dise\u00f1ado para especializar a profesionales en el cuidado de la piel, profundizando en el conocimiento y el tratamiento de sus afecciones. Los estudiantes aprender\u00e1n a trabajar en la frontera entre la est\u00e9tica y la salud, utilizando conocimientos avanzados y aparatolog\u00eda espec\u00edfica para abordar problem\u00e1ticas m\u00e1s complejas de la piel.<\/p>\t\t\t\t\t\t\t\t<\/div>\n\t\t\t\t<\/div>\n\t\t\t\t\t<\/div>\n\t\t<\/div>\n\t\t\t\t\t<\/div>\n\t\t<\/section>\n\t\t\t\t<div class=\"elementor-element elementor-element-9f60fb4 elementor-widget__width-initial elementor-widget-tablet__width-initial elementor-absolute elementor-widget-mobile__width-initial elementor-invisible elementor-widget elementor-widget-spacer\" data-id=\"9f60fb4\" data-element_type=\"widget\" data-e-type=\"widget\" data-settings=\"{&quot;_position&quot;:&quot;absolute&quot;,&quot;_animation&quot;:&quot;fadeIn&quot;}\" data-widget_type=\"spacer.default\">\n\t\t\t\t<div class=\"elementor-widget-container\">\n\t\t\t\t\t\t\t<div class=\"elementor-spacer\">\n\t\t\t<div class=\"elementor-spacer-inner\"><\/div>\n\t\t<\/div>\n\t\t\t\t\t\t<\/div>\n\t\t\t\t<\/div>\n\t\t\t\t\t<\/div>\n\t\t<\/div>\n\t\t\t\t<div class=\"elementor-column elementor-col-50 elementor-top-column elementor-element elementor-element-1bd5727\" data-id=\"1bd5727\" data-element_type=\"column\" data-e-type=\"column\">\n\t\t\t<div class=\"elementor-widget-wrap elementor-element-populated\">\n\t\t\t\t\t\t<section class=\"elementor-section elementor-inner-section elementor-element elementor-element-0e22671 elementor-section-full_width elementor-reverse-tablet elementor-reverse-mobile elementor-section-height-default elementor-section-height-default\" data-id=\"0e22671\" data-element_type=\"section\" data-e-type=\"section\">\n\t\t\t\t\t\t<div class=\"elementor-container elementor-column-gap-no\">\n\t\t\t\t\t<div class=\"elementor-column elementor-col-50 elementor-inner-column elementor-element elementor-element-92a0630\" data-id=\"92a0630\" data-element_type=\"column\" data-e-type=\"column\">\n\t\t\t<div class=\"elementor-widget-wrap elementor-element-populated\">\n\t\t\t\t\t\t<div class=\"elementor-element elementor-element-224d097 animated-fast elementor-invisible elementor-widget elementor-widget-image\" data-id=\"224d097\" data-element_type=\"widget\" data-e-type=\"widget\" data-settings=\"{&quot;_animation&quot;:&quot;slideInRight&quot;,&quot;_animation_tablet&quot;:&quot;slideInLeft&quot;}\" data-widget_type=\"image.default\">\n\t\t\t\t<div class=\"elementor-widget-container\">\n\t\t\t\t\t\t\t\t\t\t\t\t\t\t\t<img fetchpriority=\"high\" decoding=\"async\" width=\"884\" height=\"1024\" src=\"https:\/\/educativa21.com\/wp-content\/uploads\/2024\/04\/2-884x1024.png\" class=\"attachment-large size-large wp-image-3714\" alt=\"Curso de Cosmetologia Online y Presencial\" srcset=\"https:\/\/educativa21.com\/wp-content\/uploads\/2024\/04\/2-884x1024.png 884w, https:\/\/educativa21.com\/wp-content\/uploads\/2024\/04\/2-259x300.png 259w, https:\/\/educativa21.com\/wp-content\/uploads\/2024\/04\/2-768x890.png 768w, https:\/\/educativa21.com\/wp-content\/uploads\/2024\/04\/2-1325x1536.png 1325w, https:\/\/educativa21.com\/wp-content\/uploads\/2024\/04\/2-1767x2048.png 1767w, https:\/\/educativa21.com\/wp-content\/uploads\/2024\/04\/2.png 932w\" sizes=\"(max-width: 884px) 100vw, 884px\" \/>\t\t\t\t\t\t\t\t\t\t\t\t\t\t\t<\/div>\n\t\t\t\t<\/div>\n\t\t\t\t\t<\/div>\n\t\t<\/div>\n\t\t\t\t<div class=\"elementor-column elementor-col-50 elementor-inner-column elementor-element elementor-element-4ab16ff animated-fast elementor-invisible\" data-id=\"4ab16ff\" data-element_type=\"column\" data-e-type=\"column\" data-settings=\"{&quot;animation&quot;:&quot;slideInUp&quot;}\">\n\t\t\t<div class=\"elementor-widget-wrap elementor-element-populated\">\n\t\t\t\t\t\t<div class=\"elementor-element elementor-element-2c0c988 elementor-widget__width-initial elementor-widget-tablet__width-initial elementor-absolute elementor-widget-mobile__width-initial elementor-widget elementor-widget-spacer\" data-id=\"2c0c988\" data-element_type=\"widget\" data-e-type=\"widget\" data-settings=\"{&quot;_position&quot;:&quot;absolute&quot;}\" data-widget_type=\"spacer.default\">\n\t\t\t\t<div class=\"elementor-widget-container\">\n\t\t\t\t\t\t\t<div class=\"elementor-spacer\">\n\t\t\t<div class=\"elementor-spacer-inner\"><\/div>\n\t\t<\/div>\n\t\t\t\t\t\t<\/div>\n\t\t\t\t<\/div>\n\t\t\t\t<div class=\"elementor-element elementor-element-279c4a8 elementor-widget__width-auto elementor-view-default elementor-widget elementor-widget-icon\" data-id=\"279c4a8\" data-element_type=\"widget\" data-e-type=\"widget\" data-widget_type=\"icon.default\">\n\t\t\t\t<div class=\"elementor-widget-container\">\n\t\t\t\t\t\t\t<div class=\"elementor-icon-wrapper\">\n\t\t\t<div class=\"elementor-icon\">\n\t\t\t<svg xmlns=\"http:\/\/www.w3.org\/2000\/svg\" id=\"bbc9790f-21ea-499d-afe1-12e80611303d\" data-name=\"Layer 1\" width=\"325\" height=\"325\" viewBox=\"0 0 325 325\"><defs><style>.ae316a3c-e74a-4971-a5d5-bd8f42c1997f{fill-rule:evenodd;}<\/style><\/defs><path class=\"ae316a3c-e74a-4971-a5d5-bd8f42c1997f\" d=\"M325,0H0V170H155V325H325Z\"><\/path><\/svg>\t\t\t<\/div>\n\t\t<\/div>\n\t\t\t\t\t\t<\/div>\n\t\t\t\t<\/div>\n\t\t\t\t\t<\/div>\n\t\t<\/div>\n\t\t\t\t\t<\/div>\n\t\t<\/section>\n\t\t\t\t<section class=\"elementor-section elementor-inner-section elementor-element elementor-element-6030e8d elementor-section-full_width elementor-section-height-default elementor-section-height-default\" data-id=\"6030e8d\" data-element_type=\"section\" data-e-type=\"section\">\n\t\t\t\t\t\t<div class=\"elementor-container elementor-column-gap-no\">\n\t\t\t\t\t<div class=\"elementor-column elementor-col-50 elementor-inner-column elementor-element elementor-element-b5474be\" data-id=\"b5474be\" data-element_type=\"column\" data-e-type=\"column\">\n\t\t\t<div class=\"elementor-widget-wrap elementor-element-populated\">\n\t\t\t\t\t\t<div class=\"elementor-element elementor-element-8c9dbcb animated-fast elementor-invisible elementor-widget elementor-widget-image\" data-id=\"8c9dbcb\" data-element_type=\"widget\" data-e-type=\"widget\" data-settings=\"{&quot;_animation&quot;:&quot;slideInDown&quot;,&quot;_animation_tablet&quot;:&quot;slideInRight&quot;}\" data-widget_type=\"image.default\">\n\t\t\t\t<div class=\"elementor-widget-container\">\n\t\t\t\t\t\t\t\t\t\t\t\t\t\t\t<img decoding=\"async\" width=\"884\" height=\"1024\" data-src=\"https:\/\/educativa21.com\/wp-content\/uploads\/2024\/04\/3-884x1024.png\" class=\"attachment-large size-large wp-image-3715 lazyload\" alt=\"Curso de Maquillaje Online y Presencial\" data-srcset=\"https:\/\/educativa21.com\/wp-content\/uploads\/2024\/04\/3-884x1024.png 884w, https:\/\/educativa21.com\/wp-content\/uploads\/2024\/04\/3-259x300.png 259w, https:\/\/educativa21.com\/wp-content\/uploads\/2024\/04\/3-768x890.png 768w, https:\/\/educativa21.com\/wp-content\/uploads\/2024\/04\/3-1325x1536.png 1325w, https:\/\/educativa21.com\/wp-content\/uploads\/2024\/04\/3-1767x2048.png 1767w, https:\/\/educativa21.com\/wp-content\/uploads\/2024\/04\/3.png 932w\" data-sizes=\"(max-width: 884px) 100vw, 884px\" src=\"data:image\/svg+xml;base64,PHN2ZyB3aWR0aD0iMSIgaGVpZ2h0PSIxIiB4bWxucz0iaHR0cDovL3d3dy53My5vcmcvMjAwMC9zdmciPjwvc3ZnPg==\" style=\"--smush-placeholder-width: 884px; --smush-placeholder-aspect-ratio: 884\/1024;\" \/>\t\t\t\t\t\t\t\t\t\t\t\t\t\t\t<\/div>\n\t\t\t\t<\/div>\n\t\t\t\t\t<\/div>\n\t\t<\/div>\n\t\t\t\t<div class=\"elementor-column elementor-col-50 elementor-inner-column elementor-element elementor-element-8043c57\" data-id=\"8043c57\" data-element_type=\"column\" data-e-type=\"column\">\n\t\t\t<div class=\"elementor-widget-wrap elementor-element-populated\">\n\t\t\t\t\t\t<div class=\"elementor-element elementor-element-9b737f2 animated-fast elementor-invisible elementor-widget elementor-widget-image\" data-id=\"9b737f2\" data-element_type=\"widget\" data-e-type=\"widget\" data-settings=\"{&quot;_animation&quot;:&quot;slideInLeft&quot;,&quot;_animation_tablet&quot;:&quot;slideInDown&quot;}\" data-widget_type=\"image.default\">\n\t\t\t\t<div class=\"elementor-widget-container\">\n\t\t\t\t\t\t\t\t\t\t\t\t\t\t\t<img decoding=\"async\" width=\"883\" height=\"1024\" data-src=\"https:\/\/educativa21.com\/wp-content\/uploads\/2024\/04\/1-1-883x1024.png\" class=\"attachment-large size-large wp-image-3713 lazyload\" alt=\"Curso de dise\u00f1o de moda Online y Presencial\" data-srcset=\"https:\/\/educativa21.com\/wp-content\/uploads\/2024\/04\/1-1-883x1024.png 883w, https:\/\/educativa21.com\/wp-content\/uploads\/2024\/04\/1-1-259x300.png 259w, https:\/\/educativa21.com\/wp-content\/uploads\/2024\/04\/1-1-768x891.png 768w, https:\/\/educativa21.com\/wp-content\/uploads\/2024\/04\/1-1-1325x1536.png 1325w, https:\/\/educativa21.com\/wp-content\/uploads\/2024\/04\/1-1-1766x2048.png 1766w, https:\/\/educativa21.com\/wp-content\/uploads\/2024\/04\/1-1.png 931w\" data-sizes=\"(max-width: 883px) 100vw, 883px\" src=\"data:image\/svg+xml;base64,PHN2ZyB3aWR0aD0iMSIgaGVpZ2h0PSIxIiB4bWxucz0iaHR0cDovL3d3dy53My5vcmcvMjAwMC9zdmciPjwvc3ZnPg==\" style=\"--smush-placeholder-width: 883px; --smush-placeholder-aspect-ratio: 883\/1024;\" \/>\t\t\t\t\t\t\t\t\t\t\t\t\t\t\t<\/div>\n\t\t\t\t<\/div>\n\t\t\t\t\t<\/div>\n\t\t<\/div>\n\t\t\t\t\t<\/div>\n\t\t<\/section>\n\t\t\t\t\t<\/div>\n\t\t<\/div>\n\t\t\t\t\t<\/div>\n\t\t<\/section>\n\t\t\t\t<\/div>\n\t\t","protected":false},"excerpt":{"rendered":"<p>CARRERAS ONLINE Y PRESENCIALES COSMIATR\u00cdA DESCARGAR PROGRAMA Este curso est\u00e1 dise\u00f1ado para especializar a profesionales en el cuidado de la piel, profundizando en el conocimiento y el tratamiento de sus afecciones. Los estudiantes aprender\u00e1n a trabajar en la frontera entre la est\u00e9tica y la salud, utilizando conocimientos avanzados y aparatolog\u00eda espec\u00edfica para abordar problem\u00e1ticas m\u00e1s &hellip;<\/p>\n<p class=\"read-more\"> <a class=\"\" href=\"https:\/\/educativa21.com\/esteticaydiseno\/cosmiatria\/\"> <span class=\"screen-reader-text\">cOSMIATRIA<\/span> Leer m\u00e1s &raquo;<\/a><\/p>\n","protected":false},"author":1,"featured_media":0,"parent":0,"menu_order":0,"comment_status":"closed","ping_status":"closed","template":"","meta":{"site-sidebar-layout":"no-sidebar","site-content-layout":"page-builder","ast-global-header-display":"","ast-banner-title-visibility":"","ast-main-header-display":"","ast-hfb-above-header-display":"","ast-hfb-below-header-display":"","ast-hfb-mobile-header-display":"","site-post-title":"disabled","ast-breadcrumbs-content":"","ast-featured-img":"disabled","footer-sml-layout":"","theme-transparent-header-meta":"","adv-header-id-meta":"","stick-header-meta":"","header-above-stick-meta":"","header-main-stick-meta":"","header-below-stick-meta":"","footnotes":""},"class_list":["post-4274","page","type-page","status-publish","hentry"],"_links":{"self":[{"href":"https:\/\/educativa21.com\/esteticaydiseno\/wp-json\/wp\/v2\/pages\/4274"}],"collection":[{"href":"https:\/\/educativa21.com\/esteticaydiseno\/wp-json\/wp\/v2\/pages"}],"about":[{"href":"https:\/\/educativa21.com\/esteticaydiseno\/wp-json\/wp\/v2\/types\/page"}],"author":[{"embeddable":true,"href":"https:\/\/educativa21.com\/esteticaydiseno\/wp-json\/wp\/v2\/users\/1"}],"replies":[{"embeddable":true,"href":"https:\/\/educativa21.com\/esteticaydiseno\/wp-json\/wp\/v2\/comments?post=4274"}],"version-history":[{"count":4,"href":"https:\/\/educativa21.com\/esteticaydiseno\/wp-json\/wp\/v2\/pages\/4274\/revisions"}],"predecessor-version":[{"id":4278,"href":"https:\/\/educativa21.com\/esteticaydiseno\/wp-json\/wp\/v2\/pages\/4274\/revisions\/4278"}],"wp:attachment":[{"href":"https:\/\/educativa21.com\/esteticaydiseno\/wp-json\/wp\/v2\/media?parent=4274"}],"curies":[{"name":"wp","href":"https:\/\/api.w.org\/{rel}","templated":true}]}}